{"id":945,"date":"2020-01-13T11:17:52","date_gmt":"2020-01-13T11:17:52","guid":{"rendered":"https:\/\/demosites.io\/marketing-agency-gb\/?page_id=5"},"modified":"2025-01-16T08:30:52","modified_gmt":"2025-01-16T07:30:52","slug":"bcd31-home","status":"publish","type":"page","link":"https:\/\/caravanas-seimar.com\/","title":{"rendered":"Home"},"content":{"rendered":"\n<div class=\"wp-block-cover alignfull\" style=\"min-height:800px;aspect-ratio:unset;\"><span aria-hidden=\"true\" class=\"wp-block-cover__background has-background-dim-0 has-background-dim\"><\/span><img loading=\"lazy\" decoding=\"async\" width=\"1640\" height=\"922\" class=\"wp-block-cover__image-background wp-image-608\" alt=\"\" src=\"https:\/\/caravanas-seimar.com\/wp-content\/uploads\/2024\/05\/neve-hero-2.png\" style=\"object-position:50% 72%\" data-object-fit=\"cover\" data-object-position=\"50% 72%\" srcset=\"https:\/\/caravanas-seimar.com\/wp-content\/uploads\/2024\/05\/neve-hero-2.png 1640w, https:\/\/caravanas-seimar.com\/wp-content\/uploads\/2024\/05\/neve-hero-2-300x169.png 300w\" sizes=\"auto, (max-width: 1640px) 100vw, 1640px\" \/><div class=\"wp-block-cover__inner-container is-layout-flow wp-block-cover-is-layout-flow\">\n<div class=\"wp-block-columns are-vertically-aligned-center is-layout-flex wp-container-core-columns-is-layout-1 wp-block-columns-is-layout-flex\">\n<div class=\"wp-block-column is-vertically-aligned-center animated flip is-layout-flow wp-block-column-is-layout-flow\" style=\"padding-right:var(--wp--preset--spacing--20);padding-left:var(--wp--preset--spacing--20);flex-basis:65%\">\n<div style=\"height:80px\" aria-hidden=\"true\" class=\"wp-block-spacer\"><\/div>\n\n\n\n<h1 class=\"wp-block-heading has-text-align-left has-nv-text-dark-bg-color has-text-color\">Explora tu libertad con Caravanas Seimar<\/h1>\n\n\n\n<p class=\"has-text-align-left has-nv-text-dark-bg-color has-text-color\" style=\"font-size:19px\">Descubre el placer de viajar a tu ritmo. Alquila tu caravana ideal y vive experiencias \u00fanicas en cada destino. \u00a1Tu pr\u00f3xima aventura te espera con Caravanas Seimar!<\/p>\n\n\n\n<div style=\"height:100px\" aria-hidden=\"true\" class=\"wp-block-spacer\"><\/div>\n<\/div>\n\n\n\n<div class=\"wp-block-column is-vertically-aligned-center is-layout-flow wp-block-column-is-layout-flow\">\n<figure class=\"wp-block-image size-full\"><img loading=\"lazy\" decoding=\"async\" width=\"900\" height=\"585\" src=\"https:\/\/caravanas-seimar.com\/wp-content\/uploads\/2025\/01\/slider.png\" alt=\"\" class=\"wp-image-965\" style=\"aspect-ratio:4\/3;object-fit:cover\" srcset=\"https:\/\/caravanas-seimar.com\/wp-content\/uploads\/2025\/01\/slider.png 900w, https:\/\/caravanas-seimar.com\/wp-content\/uploads\/2025\/01\/slider-300x195.png 300w, https:\/\/caravanas-seimar.com\/wp-content\/uploads\/2025\/01\/slider-768x499.png 768w\" sizes=\"auto, (max-width: 900px) 100vw, 900px\" \/><\/figure>\n<\/div>\n<\/div>\n<\/div><\/div>\n\n\n\n<div class=\"wp-block-group animated rotateIn\" style=\"padding-top:var(--wp--preset--spacing--50);padding-bottom:var(--wp--preset--spacing--50)\"><div class=\"wp-block-group__inner-container is-layout-constrained wp-block-group-is-layout-constrained\">\n<div class=\"wp-block-columns is-layout-flex wp-container-core-columns-is-layout-2 wp-block-columns-is-layout-flex\">\n<div class=\"wp-block-column neve-duotone is-layout-flow wp-block-column-is-layout-flow\" style=\"padding-right:var(--wp--preset--spacing--30);padding-left:var(--wp--preset--spacing--30)\"><div class=\"wp-block-image icon-style is-style-default wp-duotone-unset-1\">\n<figure class=\"aligncenter size-full has-custom-border\"><img loading=\"lazy\" decoding=\"async\" width=\"60\" height=\"60\" src=\"https:\/\/caravanas-seimar.com\/wp-content\/uploads\/2024\/07\/neve-marketing-icon-8.1.png\" alt=\"\" class=\"wp-image-937\" style=\"border-radius:0px\" title=\"\"\/><\/figure><\/div>\n\n\n<div style=\"height:16px\" aria-hidden=\"true\" class=\"wp-block-spacer\"><\/div>\n\n\n\n<h3 class=\"wp-block-heading has-text-align-center has-neve-text-color-color has-text-color\">Viaja<\/h3>\n\n\n\n<p class=\"has-text-align-center\">A tu ritmo y a tu aire, viaja por donde quieras!<\/p>\n<\/div>\n\n\n\n<div class=\"wp-block-column is-layout-flow wp-block-column-is-layout-flow\" style=\"padding-right:var(--wp--preset--spacing--30);padding-left:var(--wp--preset--spacing--30)\"><div class=\"wp-block-image icon-style is-style-default\">\n<figure class=\"aligncenter size-full has-custom-border\"><img loading=\"lazy\" decoding=\"async\" width=\"60\" height=\"60\" src=\"https:\/\/caravanas-seimar.com\/wp-content\/uploads\/2024\/07\/neve-marketing-icon-4.1.png\" alt=\"\" class=\"wp-image-933\" style=\"border-radius:0px\" title=\"\"\/><\/figure><\/div>\n\n\n<div style=\"height:16px\" aria-hidden=\"true\" class=\"wp-block-spacer\"><\/div>\n\n\n\n<h3 class=\"wp-block-heading has-text-align-center has-neve-text-color-color has-text-color\">Alquiler<\/h3>\n\n\n\n<p class=\"has-text-align-center\">Contacta con nosotros y lo gestionamos r\u00e1pidamente.<\/p>\n<\/div>\n\n\n\n<div class=\"wp-block-column is-layout-flow wp-block-column-is-layout-flow\" style=\"padding-right:var(--wp--preset--spacing--30);padding-left:var(--wp--preset--spacing--30)\"><div class=\"wp-block-image icon-style is-style-default wp-duotone-unset-2\">\n<figure class=\"aligncenter size-full has-custom-border\"><img loading=\"lazy\" decoding=\"async\" width=\"60\" height=\"60\" src=\"https:\/\/caravanas-seimar.com\/wp-content\/uploads\/2024\/07\/neve-marketing-icon-10.png\" alt=\"\" class=\"wp-image-936\" style=\"border-radius:0px\" title=\"\"\/><\/figure><\/div>\n\n\n<div style=\"height:16px\" aria-hidden=\"true\" class=\"wp-block-spacer\"><\/div>\n\n\n\n<h3 class=\"wp-block-heading has-text-align-center has-neve-text-color-color has-text-color\">Legal<\/h3>\n\n\n\n<p class=\"has-text-align-center\">Tu alquiler con contrato y factura, todo legal.<\/p>\n<\/div>\n\n\n\n<div class=\"wp-block-column is-layout-flow wp-block-column-is-layout-flow\" style=\"padding-right:var(--wp--preset--spacing--30);padding-left:var(--wp--preset--spacing--30)\"><div class=\"wp-block-image icon-style is-style-default wp-duotone-unset-3\">\n<figure class=\"aligncenter size-full has-custom-border\"><img loading=\"lazy\" decoding=\"async\" width=\"60\" height=\"60\" src=\"https:\/\/caravanas-seimar.com\/wp-content\/uploads\/2024\/07\/neve-marketing-icon-9.png\" alt=\"\" class=\"wp-image-935\" style=\"border-radius:0px\" title=\"\"\/><\/figure><\/div>\n\n\n<div style=\"height:16px\" aria-hidden=\"true\" class=\"wp-block-spacer\"><\/div>\n\n\n\n<h3 class=\"wp-block-heading has-text-align-center has-neve-text-color-color has-text-color\">F\u00e1cil<\/h3>\n\n\n\n<p class=\"has-text-align-center\">Gesti\u00f3n sin complicaciones, nos encargamos de todo.<\/p>\n<\/div>\n<\/div>\n<\/div><\/div>\n\n\n\n<div class=\"wp-block-cover alignfull has-neve-text-color-color has-text-color has-link-color wp-elements-e694d6a79ec1b16705fba844ca54ded1\" style=\"padding-top:var(--wp--preset--spacing--80);padding-bottom:var(--wp--preset--spacing--80);min-height:600px;aspect-ratio:unset;\"><span aria-hidden=\"true\" class=\"wp-block-cover__background has-nv-light-bg-background-color has-background-dim-80 has-background-dim\"><\/span><div class=\"wp-block-cover__inner-container is-layout-flow wp-block-cover-is-layout-flow\">\n<div class=\"wp-block-group\"><div class=\"wp-block-group__inner-container is-layout-flow wp-block-group-is-layout-flow\">\n<div style=\"height:80px\" aria-hidden=\"true\" class=\"wp-block-spacer\"><\/div>\n\n\n\n<div class=\"wp-block-columns is-layout-flex wp-container-core-columns-is-layout-3 wp-block-columns-is-layout-flex\">\n<div class=\"wp-block-column is-layout-flow wp-block-column-is-layout-flow\" style=\"padding-right:0;padding-left:0;flex-basis:20%\">\n<div class=\"wp-block-group is-vertical is-content-justification-center is-layout-flex wp-container-core-group-is-layout-2 wp-block-group-is-layout-flex\"><\/div>\n<\/div>\n\n\n\n<div class=\"wp-block-column is-layout-flow wp-block-column-is-layout-flow\" style=\"flex-basis:60%\">\n<div class=\"wp-block-group is-vertical is-content-justification-center is-layout-flex wp-container-core-group-is-layout-3 wp-block-group-is-layout-flex\">\n<h2 class=\"wp-block-heading has-text-align-center has-neve-text-color-color has-text-color has-link-color wp-elements-236553b0f0cff2efd0b8b7ca8bdc3736\">Caravanas<\/h2>\n\n\n\n<p class=\"has-text-align-center has-neve-text-color-color has-text-color has-link-color wp-elements-54e633629b765af210bd0d66756b6450\">Vive la aventura de tus sue\u00f1os con nuestras caravanas totalmente equipadas. Libertad, comodidad y destinos inolvidables, \u00a1todo en un solo lugar!<\/p>\n\n\n\n<div style=\"height:0px\" aria-hidden=\"true\" class=\"wp-block-spacer wp-container-content-1\"><\/div>\n<\/div>\n<\/div>\n\n\n\n<div class=\"wp-block-column is-layout-flow wp-block-column-is-layout-flow\" style=\"flex-basis:20%\">\n<div class=\"wp-block-group is-vertical is-content-justification-center is-layout-flex wp-container-core-group-is-layout-4 wp-block-group-is-layout-flex\"><\/div>\n<\/div>\n<\/div>\n\n\n\n<div class=\"wp-block-columns are-vertically-aligned-center animated bounceInLeft is-layout-flex wp-container-core-columns-is-layout-4 wp-block-columns-is-layout-flex\">\n<div class=\"wp-block-column is-vertically-aligned-center is-layout-flow wp-block-column-is-layout-flow\" style=\"padding-right:var(--wp--preset--spacing--30);padding-left:var(--wp--preset--spacing--30);flex-basis:50%\">\n<figure class=\"wp-block-image size-full has-custom-border\"><img loading=\"lazy\" decoding=\"async\" width=\"2560\" height=\"1707\" src=\"https:\/\/caravanas-seimar.com\/wp-content\/uploads\/2025\/01\/McLouis-Mc4-231-193-scaled-1.jpg\" alt=\"\" class=\"wp-image-968\" style=\"border-radius:16px;aspect-ratio:4\/3;object-fit:cover\" srcset=\"https:\/\/caravanas-seimar.com\/wp-content\/uploads\/2025\/01\/McLouis-Mc4-231-193-scaled-1.jpg 2560w, https:\/\/caravanas-seimar.com\/wp-content\/uploads\/2025\/01\/McLouis-Mc4-231-193-scaled-1-300x200.jpg 300w, https:\/\/caravanas-seimar.com\/wp-content\/uploads\/2025\/01\/McLouis-Mc4-231-193-scaled-1-1024x683.jpg 1024w, https:\/\/caravanas-seimar.com\/wp-content\/uploads\/2025\/01\/McLouis-Mc4-231-193-scaled-1-768x512.jpg 768w, https:\/\/caravanas-seimar.com\/wp-content\/uploads\/2025\/01\/McLouis-Mc4-231-193-scaled-1-1536x1024.jpg 1536w, https:\/\/caravanas-seimar.com\/wp-content\/uploads\/2025\/01\/McLouis-Mc4-231-193-scaled-1-2048x1366.jpg 2048w, https:\/\/caravanas-seimar.com\/wp-content\/uploads\/2025\/01\/McLouis-Mc4-231-193-scaled-1-930x620.jpg 930w\" sizes=\"auto, (max-width: 2560px) 100vw, 2560px\" \/><\/figure>\n\n\n\n<div style=\"height:24px\" aria-hidden=\"true\" class=\"wp-block-spacer\"><\/div>\n\n\n\n<h3 class=\"wp-block-heading has-text-align-left has-neve-text-color-color has-text-color\">Caravanas Modernas<\/h3>\n\n\n\n<p>Viaja con estilo y tecnolog\u00eda de \u00faltima generaci\u00f3n. Nuestras caravanas modernas est\u00e1n dise\u00f1adas para brindarte comodidad, eficiencia y la mejor experiencia en carretera.<\/p>\n<\/div>\n\n\n\n<div class=\"wp-block-column is-vertically-aligned-center is-layout-flow wp-block-column-is-layout-flow\" style=\"padding-right:var(--wp--preset--spacing--30);padding-left:var(--wp--preset--spacing--30);flex-basis:50%\">\n<figure class=\"wp-block-image size-full has-custom-border\"><img loading=\"lazy\" decoding=\"async\" width=\"978\" height=\"566\" src=\"https:\/\/caravanas-seimar.com\/wp-content\/uploads\/2025\/01\/ideas-para-decorar-el-interior-de-una-autocaravana.jpg\" alt=\"\" class=\"wp-image-971\" style=\"border-radius:16px;aspect-ratio:4\/3;object-fit:cover\" srcset=\"https:\/\/caravanas-seimar.com\/wp-content\/uploads\/2025\/01\/ideas-para-decorar-el-interior-de-una-autocaravana.jpg 978w, https:\/\/caravanas-seimar.com\/wp-content\/uploads\/2025\/01\/ideas-para-decorar-el-interior-de-una-autocaravana-300x174.jpg 300w, https:\/\/caravanas-seimar.com\/wp-content\/uploads\/2025\/01\/ideas-para-decorar-el-interior-de-una-autocaravana-768x444.jpg 768w\" sizes=\"auto, (max-width: 978px) 100vw, 978px\" \/><\/figure>\n\n\n\n<div style=\"height:24px\" aria-hidden=\"true\" class=\"wp-block-spacer\"><\/div>\n\n\n\n<h3 class=\"wp-block-heading has-text-align-left has-neve-text-color-color has-text-color\">Caravanas Totalmente Equipadas<\/h3>\n\n\n\n<p>Todo lo que necesitas para sentirte como en casa mientras exploras el mundo. Cocina, ba\u00f1o, confort y mucho m\u00e1s, listos para acompa\u00f1arte en cada aventura.<\/p>\n<\/div>\n<\/div>\n<\/div><\/div>\n<\/div><\/div>\n\n\n\n<div class=\"wp-block-cover alignfull animated bounceIn has-nv-text-dark-bg-color has-text-color has-link-color wp-elements-0b6d00aaa6c5006bac06b074fd0b9d1d\" style=\"padding-top:var(--wp--preset--spacing--80);padding-bottom:var(--wp--preset--spacing--80);min-height:420px;aspect-ratio:unset;\"><span aria-hidden=\"true\" class=\"wp-block-cover__background has-nv-dark-bg-background-color has-background-dim-100 has-background-dim\"><\/span><div class=\"wp-block-cover__inner-container is-layout-flow wp-block-cover-is-layout-flow\">\n<div class=\"wp-block-columns is-layout-flex wp-container-core-columns-is-layout-5 wp-block-columns-is-layout-flex\">\n<div class=\"wp-block-column ticss-4ce656f1 is-layout-flow wp-block-column-is-layout-flow\"><div class=\"wp-block-image is-style-rounded\">\n<figure class=\"aligncenter size-full is-resized\"><img loading=\"lazy\" decoding=\"async\" width=\"80\" height=\"80\" src=\"https:\/\/caravanas-seimar.com\/wp-content\/uploads\/2024\/05\/neve-marketing-agency-04.png\" alt=\"\" class=\"wp-image-697\" style=\"width:80px;height:80px\"\/><\/figure><\/div>\n\n\n<div style=\"height:24px\" aria-hidden=\"true\" class=\"wp-block-spacer\"><\/div>\n\n\n\n<p class=\"has-text-align-center has-nv-text-dark-bg-color has-text-color has-link-color wp-elements-e28525fe64d15ef04f36a863915d117e\">\u201cExcelente servicio y caravanas en perfecto estado. \u00a1Nuestra aventura fue inolvidable gracias a Caravanas Seimar!\u201c<\/p>\n\n\n\n<p class=\"has-text-align-center has-nv-text-dark-bg-color has-text-color has-small-font-size\" style=\"text-transform:uppercase\"><strong>DESIREE FERREIRA<\/strong><\/p>\n<\/div>\n\n\n\n<div class=\"wp-block-column ticss-f6fc7494 is-layout-flow wp-block-column-is-layout-flow\"><div class=\"wp-block-image is-style-rounded\">\n<figure class=\"aligncenter size-full is-resized\"><img loading=\"lazy\" decoding=\"async\" width=\"80\" height=\"80\" src=\"https:\/\/caravanas-seimar.com\/wp-content\/uploads\/2024\/05\/neve-marketing-agency-03.png\" alt=\"\" class=\"wp-image-696\" style=\"width:80px;height:80px\"\/><\/figure><\/div>\n\n\n<div style=\"height:24px\" aria-hidden=\"true\" class=\"wp-block-spacer\"><\/div>\n\n\n\n<p class=\"has-text-align-center has-nv-text-dark-bg-color has-text-color\">\u201cEl mejor servicio que hemos encontrado. Todo fue f\u00e1cil y r\u00e1pido, y la caravana estaba equipada con todo lo necesario para el viaje.\u201d<\/p>\n\n\n\n<p class=\"has-text-align-center has-nv-text-dark-bg-color has-text-color has-small-font-size\" style=\"text-transform:uppercase\"><strong>J. ANTONIO MARTIN<\/strong><\/p>\n<\/div>\n\n\n\n<div class=\"wp-block-column ticss-a5b4df29 is-layout-flow wp-block-column-is-layout-flow\"><div class=\"wp-block-image is-style-rounded\">\n<figure class=\"aligncenter size-full is-resized\"><img loading=\"lazy\" decoding=\"async\" width=\"80\" height=\"80\" src=\"https:\/\/caravanas-seimar.com\/wp-content\/uploads\/2024\/05\/neve-marketing-agency-02.png\" alt=\"\" class=\"wp-image-695\" style=\"width:80px;height:80px\"\/><\/figure><\/div>\n\n\n<div style=\"height:24px\" aria-hidden=\"true\" class=\"wp-block-spacer\"><\/div>\n\n\n\n<p class=\"has-text-align-center has-nv-text-dark-bg-color has-text-color\">\u201cLa comodidad y el equipamiento de las caravanas superaron nuestras expectativas. \u00a1100% recomendados!\u201d<\/p>\n\n\n\n<p class=\"has-text-align-center has-nv-text-dark-bg-color has-text-color has-small-font-size\" style=\"text-transform:uppercase\"><strong>MARIA CALLEJA<\/strong><\/p>\n<\/div>\n<\/div>\n\n\n\n<div style=\"height:0px\" aria-hidden=\"true\" class=\"wp-block-spacer\"><\/div>\n<\/div><\/div>\n\n\n\n<div class=\"wp-block-cover alignfull\" style=\"padding-top:var(--wp--preset--spacing--80);padding-bottom:var(--wp--preset--spacing--80);min-height:600px;aspect-ratio:unset;\"><span aria-hidden=\"true\" class=\"wp-block-cover__background has-nv-site-bg-background-color has-background-dim-100 has-background-dim\"><\/span><div class=\"wp-block-cover__inner-container is-layout-flow wp-block-cover-is-layout-flow\">\n<div class=\"wp-block-group\"><div class=\"wp-block-group__inner-container is-layout-flow wp-block-group-is-layout-flow\">\n<div class=\"wp-block-columns are-vertically-aligned-center animated backInRight is-layout-flex wp-container-core-columns-is-layout-6 wp-block-columns-is-layout-flex\">\n<div class=\"wp-block-column is-vertically-aligned-center is-layout-flow wp-block-column-is-layout-flow\" style=\"padding-right:var(--wp--preset--spacing--30);padding-left:var(--wp--preset--spacing--30);flex-basis:50%\">\n<figure class=\"wp-block-image size-full has-custom-border is-style-default\"><img loading=\"lazy\" decoding=\"async\" width=\"1446\" height=\"964\" src=\"https:\/\/caravanas-seimar.com\/wp-content\/uploads\/2025\/01\/Wohnmobile-fuer-2-Personen-Natur-edited.jpg\" alt=\"\" class=\"wp-image-973\" style=\"border-radius:16px;aspect-ratio:4\/3;object-fit:cover\" srcset=\"https:\/\/caravanas-seimar.com\/wp-content\/uploads\/2025\/01\/Wohnmobile-fuer-2-Personen-Natur-edited.jpg 1446w, https:\/\/caravanas-seimar.com\/wp-content\/uploads\/2025\/01\/Wohnmobile-fuer-2-Personen-Natur-edited-300x200.jpg 300w, https:\/\/caravanas-seimar.com\/wp-content\/uploads\/2025\/01\/Wohnmobile-fuer-2-Personen-Natur-edited-1024x683.jpg 1024w, https:\/\/caravanas-seimar.com\/wp-content\/uploads\/2025\/01\/Wohnmobile-fuer-2-Personen-Natur-edited-768x512.jpg 768w, https:\/\/caravanas-seimar.com\/wp-content\/uploads\/2025\/01\/Wohnmobile-fuer-2-Personen-Natur-edited-930x620.jpg 930w\" sizes=\"auto, (max-width: 1446px) 100vw, 1446px\" \/><\/figure>\n<\/div>\n\n\n\n<div class=\"wp-block-column is-vertically-aligned-center is-layout-flow wp-block-column-is-layout-flow\" style=\"padding-right:var(--wp--preset--spacing--30);padding-left:var(--wp--preset--spacing--30);flex-basis:50%\">\n<div style=\"height:20px\" aria-hidden=\"true\" class=\"wp-block-spacer\"><\/div>\n\n\n\n<h2 class=\"wp-block-heading has-text-align-left has-neve-text-color-color has-text-color\">Alquiler de caravanas a tu medida<\/h2>\n\n\n\n<p class=\"has-text-align-left has-neve-text-color-color has-text-color\" style=\"font-size:17px\">En Caravanas Seimar, nos especializamos en ofrecerte la mejor experiencia en carretera. Nuestra flota cuenta con una amplia variedad de modelos modernos, dise\u00f1ados para adaptarse a tus necesidades. Ya sea un viaje en familia, una escapada en pareja o una aventura con amigos, tenemos la caravana perfecta para ti. Vive la libertad de explorar sin l\u00edmites.<\/p>\n<\/div>\n<\/div>\n\n\n\n<div class=\"wp-block-columns are-vertically-aligned-center animated backInRight is-layout-flex wp-container-core-columns-is-layout-7 wp-block-columns-is-layout-flex\">\n<div class=\"wp-block-column is-vertically-aligned-center is-layout-flow wp-block-column-is-layout-flow\" style=\"padding-right:var(--wp--preset--spacing--30);padding-left:var(--wp--preset--spacing--30);flex-basis:50%\">\n<div style=\"height:20px\" aria-hidden=\"true\" class=\"wp-block-spacer\"><\/div>\n\n\n\n<h2 class=\"wp-block-heading has-text-align-left has-neve-text-color-color has-text-color\">Tu aventura empieza aqu\u00ed<\/h2>\n\n\n\n<p class=\"has-text-align-left has-neve-text-color-color has-text-color\" style=\"font-size:17px\">En Caravanas Seimar, alquilar nunca fue tan f\u00e1cil. Contamos con caravanas modernas y totalmente equipadas con todo lo necesario para que te sientas como en casa, sin importar a d\u00f3nde vayas. Desde rutas por la naturaleza hasta escapadas a la playa, nuestras caravanas est\u00e1n listas para acompa\u00f1arte en cada destino. \u00a1Haz de cada viaje una experiencia inolvidable!<\/p>\n<\/div>\n\n\n\n<div class=\"wp-block-column is-vertically-aligned-center is-layout-flow wp-block-column-is-layout-flow\" style=\"padding-right:var(--wp--preset--spacing--30);padding-left:var(--wp--preset--spacing--30);flex-basis:50%\">\n<figure class=\"wp-block-image size-full has-custom-border is-style-default\"><img loading=\"lazy\" decoding=\"async\" width=\"1200\" height=\"675\" src=\"https:\/\/caravanas-seimar.com\/wp-content\/uploads\/2025\/01\/Importar-autocaravana-a-Espana-1200x675-1.jpg\" alt=\"\" class=\"wp-image-974\" style=\"border-radius:16px;aspect-ratio:4\/3;object-fit:cover\" srcset=\"https:\/\/caravanas-seimar.com\/wp-content\/uploads\/2025\/01\/Importar-autocaravana-a-Espana-1200x675-1.jpg 1200w, https:\/\/caravanas-seimar.com\/wp-content\/uploads\/2025\/01\/Importar-autocaravana-a-Espana-1200x675-1-300x169.jpg 300w, https:\/\/caravanas-seimar.com\/wp-content\/uploads\/2025\/01\/Importar-autocaravana-a-Espana-1200x675-1-1024x576.jpg 1024w, https:\/\/caravanas-seimar.com\/wp-content\/uploads\/2025\/01\/Importar-autocaravana-a-Espana-1200x675-1-768x432.jpg 768w\" sizes=\"auto, (max-width: 1200px) 100vw, 1200px\" \/><\/figure>\n<\/div>\n<\/div>\n<\/div><\/div>\n<\/div><\/div>\n\n\n\n<div class=\"wp-block-cover alignfull animated backInLeft\" style=\"padding-top:var(--wp--preset--spacing--80);padding-bottom:var(--wp--preset--spacing--80);min-height:300px;aspect-ratio:unset;\"><span aria-hidden=\"true\" class=\"wp-block-cover__background has-neve-link-color-background-color has-background-dim-100 has-background-dim\"><\/span><div class=\"wp-block-cover__inner-container is-layout-flow wp-block-cover-is-layout-flow\">\n<div class=\"wp-block-columns is-layout-flex wp-container-core-columns-is-layout-8 wp-block-columns-is-layout-flex\">\n<div class=\"wp-block-column is-layout-flow wp-block-column-is-layout-flow\" style=\"flex-basis:20%\"><\/div>\n\n\n\n<div class=\"wp-block-column is-layout-flow wp-block-column-is-layout-flow\" style=\"flex-basis:60%\">\n<div class=\"wp-block-group\"><div class=\"wp-block-group__inner-container is-layout-constrained wp-block-group-is-layout-constrained\">\n<h2 class=\"wp-block-heading has-text-align-center has-nv-text-dark-bg-color has-text-color\">Caravanas Seimar: Vive la aventura de tu vida<\/h2>\n\n\n\n<p class=\"has-text-align-center has-nv-text-dark-bg-color has-text-color has-link-color wp-elements-01e8edf8bf12c6ccc0adce67b0c55af8\">En Caravanas Seimar creemos que cada viaje debe ser una experiencia \u00fanica e inolvidable. Por eso, ofrecemos caravanas modernas, c\u00f3modas y totalmente equipadas para que puedas explorar el mundo con total libertad y sin preocupaciones. Imagina despertar cada d\u00eda en un lugar diferente, con la naturaleza a tus pies o frente al mar, sin renunciar a la comodidad de sentirte como en casa.<\/p>\n\n\n\n<p>Nos ocupamos de que todo sea sencillo: desde la reserva hasta la entrega de tu caravana, brind\u00e1ndote un servicio cercano y profesional. Ya sea una escapada en pareja, una aventura en familia o un road trip con amigos, en Caravanas Seimar tenemos la opci\u00f3n perfecta para ti.<\/p>\n\n\n\n<p class=\"has-text-align-center has-nv-text-dark-bg-color has-text-color has-link-color wp-elements-c12a2daf5cd02ab0cc4acb092fe70d68\">D\u00e9janos acompa\u00f1arte en tu pr\u00f3xima aventura y transforma cada kil\u00f3metro recorrido en un recuerdo inolvidable. \u00a1Reserva hoy y empieza a vivir el viaje de tus sue\u00f1os!<\/p>\n<\/div><\/div>\n<\/div>\n\n\n\n<div class=\"wp-block-column is-layout-flow wp-block-column-is-layout-flow\" style=\"flex-basis:20%\"><\/div>\n<\/div>\n<\/div><\/div>\n\n\n\n<div class=\"wp-block-cover alignfull is-light animated fadeIn\" style=\"min-height:700px;aspect-ratio:unset;\"><span aria-hidden=\"true\" class=\"wp-block-cover__background has-background-dim-0 has-background-dim\" style=\"background-color:#a4a4a5\"><\/span><img loading=\"lazy\" decoding=\"async\" width=\"936\" height=\"500\" class=\"wp-block-cover__image-background wp-image-975\" alt=\"\" src=\"https:\/\/caravanas-seimar.com\/wp-content\/uploads\/2025\/01\/Edito_PILOTE_P746FC-1-1-1-936x500-1.jpg\" style=\"object-position:36% 65%\" data-object-fit=\"cover\" data-object-position=\"36% 65%\" srcset=\"https:\/\/caravanas-seimar.com\/wp-content\/uploads\/2025\/01\/Edito_PILOTE_P746FC-1-1-1-936x500-1.jpg 936w, https:\/\/caravanas-seimar.com\/wp-content\/uploads\/2025\/01\/Edito_PILOTE_P746FC-1-1-1-936x500-1-300x160.jpg 300w, https:\/\/caravanas-seimar.com\/wp-content\/uploads\/2025\/01\/Edito_PILOTE_P746FC-1-1-1-936x500-1-768x410.jpg 768w\" sizes=\"auto, (max-width: 936px) 100vw, 936px\" \/><div class=\"wp-block-cover__inner-container is-layout-constrained wp-block-cover-is-layout-constrained\">\n<p class=\"has-text-align-center has-large-font-size\"><\/p>\n<\/div><\/div>\n\n\n\n<p class=\"has-text-align-center ticss-41a460b1\">CARAVANAS SEIMAR<br>Avda. Isabel de Moctezuma, 33 &#8211; C\u00e1ceres<br><strong>927 24 24 10<br>615 64 33 71<\/strong><\/p>\n","protected":false},"excerpt":{"rendered":"<p>Viaja A tu ritmo y a tu aire, viaja por donde quieras! Alquiler Contacta con nosotros y lo gestionamos r\u00e1pidamente. Legal Tu alquiler con contrato y factura, todo legal. F\u00e1cil Gesti\u00f3n sin complicaciones, nos encargamos de todo. CARAVANAS SEIMARAvda. Isabel de Moctezuma, 33 &#8211; C\u00e1ceres927 24 24 10615 64 33 71<\/p>\n","protected":false},"author":1,"featured_media":0,"parent":0,"menu_order":0,"comment_status":"closed","ping_status":"closed","template":"","meta":{"neve_meta_sidebar":"default","neve_meta_container":"default","neve_meta_enable_content_width":"on","neve_meta_content_width":100,"neve_meta_title_alignment":"","neve_meta_author_avatar":"","neve_post_elements_order":"","neve_meta_disable_header":"","neve_meta_disable_footer":"","neve_meta_disable_title":"on","_themeisle_gutenberg_block_has_review":false,"footnotes":""},"class_list":["post-945","page","type-page","status-publish","hentry"],"_links":{"self":[{"href":"https:\/\/caravanas-seimar.com\/index.php\/wp-json\/wp\/v2\/pages\/945","targetHints":{"allow":["GET"]}}],"collection":[{"href":"https:\/\/caravanas-seimar.com\/index.php\/wp-json\/wp\/v2\/pages"}],"about":[{"href":"https:\/\/caravanas-seimar.com\/index.php\/wp-json\/wp\/v2\/types\/page"}],"author":[{"embeddable":true,"href":"https:\/\/caravanas-seimar.com\/index.php\/wp-json\/wp\/v2\/users\/1"}],"replies":[{"embeddable":true,"href":"https:\/\/caravanas-seimar.com\/index.php\/wp-json\/wp\/v2\/comments?post=945"}],"version-history":[{"count":8,"href":"https:\/\/caravanas-seimar.com\/index.php\/wp-json\/wp\/v2\/pages\/945\/revisions"}],"predecessor-version":[{"id":996,"href":"https:\/\/caravanas-seimar.com\/index.php\/wp-json\/wp\/v2\/pages\/945\/revisions\/996"}],"wp:attachment":[{"href":"https:\/\/caravanas-seimar.com\/index.php\/wp-json\/wp\/v2\/media?parent=945"}],"curies":[{"name":"wp","href":"https:\/\/api.w.org\/{rel}","templated":true}]}}